{"id":13245,"date":"2023-10-03T21:35:55","date_gmt":"2023-10-03T21:35:55","guid":{"rendered":"https:\/\/nationalchildday.org\/?page_id=13245"},"modified":"2025-05-22T12:08:48","modified_gmt":"2025-05-22T16:08:48","slug":"faqs","status":"publish","type":"page","link":"https:\/\/nationalchildday.org\/fr\/faqs\/","title":{"rendered":"FAQ"},"content":{"rendered":"<div data-elementor-type=\"wp-page\" data-elementor-id=\"13245\" class=\"elementor elementor-13245\" data-elementor-post-type=\"page\">\n\t\t\t\t\t\t<section data-particle_enable=\"false\" data-particle-mobile-disabled=\"false\" class=\"elementor-section elementor-top-section elementor-element elementor-element-aae2f1a elementor-hidden-desktop elementor-hidden-tablet elementor-hidden-mobile elementor-section-boxed elementor-section-height-default elementor-section-height-default\" data-id=\"aae2f1a\" data-element_type=\"section\" data-settings=\"{&quot;background_background&quot;:&quot;classic&quot;}\">\n\t\t\t\t\t\t<div class=\"elementor-container elementor-column-gap-default\">\n\t\t\t\t\t<div class=\"elementor-column elementor-col-100 elementor-top-column elementor-element elementor-element-7f35793\" data-id=\"7f35793\" data-element_type=\"column\">\n\t\t\t<div class=\"elementor-widget-wrap elementor-element-populated\">\n\t\t\t\t\t\t<div class=\"elementor-element elementor-element-6604b3c elementor-widget elementor-widget-heading\" data-id=\"6604b3c\" data-element_type=\"widget\" data-widget_type=\"heading.default\">\n\t\t\t\t<div class=\"elementor-widget-container\">\n\t\t\t\t\t<h3 class=\"elementor-heading-title elementor-size-default\">Foire aux questions sur notre \u00e9v\u00e9nement de la Journ\u00e9e nationale de l&#039;enfant<\/h3>\t\t\t\t<\/div>\n\t\t\t\t<\/div>\n\t\t\t\t\t<\/div>\n\t\t<\/div>\n\t\t\t\t\t<\/div>\n\t\t<\/section>\n\t\t\t\t<section data-particle_enable=\"false\" data-particle-mobile-disabled=\"false\" class=\"elementor-section elementor-top-section elementor-element elementor-element-f6cf232 elementor-section-stretched elementor-section-boxed elementor-section-height-default elementor-section-height-default\" data-id=\"f6cf232\" data-element_type=\"section\" data-settings=\"{&quot;stretch_section&quot;:&quot;section-stretched&quot;,&quot;background_background&quot;:&quot;classic&quot;}\">\n\t\t\t\t\t\t<div class=\"elementor-container elementor-column-gap-wide\">\n\t\t\t\t\t<div class=\"elementor-column elementor-col-100 elementor-top-column elementor-element elementor-element-cb3fb49\" data-id=\"cb3fb49\" data-element_type=\"column\">\n\t\t\t<div class=\"elementor-widget-wrap elementor-element-populated\">\n\t\t\t\t\t\t<div class=\"elementor-element elementor-element-f251b81 elementor-widget elementor-widget-heading\" data-id=\"f251b81\" data-element_type=\"widget\" data-widget_type=\"heading.default\">\n\t\t\t\t<div class=\"elementor-widget-container\">\n\t\t\t\t\t<h3 class=\"elementor-heading-title elementor-size-default\">Foire aux questions sur notre \u00e9v\u00e9nement de la Journ\u00e9e nationale de l&#039;enfant<\/h3>\t\t\t\t<\/div>\n\t\t\t\t<\/div>\n\t\t\t\t\t<\/div>\n\t\t<\/div>\n\t\t\t\t\t<\/div>\n\t\t<\/section>\n\t\t\t\t<section data-particle_enable=\"false\" data-particle-mobile-disabled=\"false\" class=\"elementor-section elementor-top-section elementor-element elementor-element-62ba4cd elementor-section-stretched elementor-section-boxed elementor-section-height-default elementor-section-height-default\" data-id=\"62ba4cd\" data-element_type=\"section\" data-settings=\"{&quot;stretch_section&quot;:&quot;section-stretched&quot;,&quot;background_background&quot;:&quot;classic&quot;}\">\n\t\t\t\t\t\t<div class=\"elementor-container elementor-column-gap-wide\">\n\t\t\t\t\t<div class=\"elementor-column elementor-col-100 elementor-top-column elementor-element elementor-element-c0ee98d\" data-id=\"c0ee98d\" data-element_type=\"column\">\n\t\t\t<div class=\"elementor-widget-wrap elementor-element-populated\">\n\t\t\t\t\t\t<div class=\"elementor-element elementor-element-b6c3c02 elementor-widget elementor-widget-heading\" data-id=\"b6c3c02\" data-element_type=\"widget\" data-widget_type=\"heading.default\">\n\t\t\t\t<div class=\"elementor-widget-container\">\n\t\t\t\t\t<h2 class=\"elementor-heading-title elementor-size-default\">Comment se connecte-t-on une fois le billet achet\u00e9 ? Recevons-nous un lien pour nous connecter ?\u00a0<\/h2>\t\t\t\t<\/div>\n\t\t\t\t<\/div>\n\t\t\t\t<div class=\"elementor-element elementor-element-e190158 elementor-widget elementor-widget-heading\" data-id=\"e190158\" data-element_type=\"widget\" data-widget_type=\"heading.default\">\n\t\t\t\t<div class=\"elementor-widget-container\">\n\t\t\t\t\t<h2 class=\"elementor-heading-title elementor-size-default\">Ces \u00e9v\u00e9nements conviennent-ils \u00e0 tous les \u00e9tudiants ?<\/h2>\t\t\t\t<\/div>\n\t\t\t\t<\/div>\n\t\t\t\t<div class=\"elementor-element elementor-element-19a90e3 elementor-widget elementor-widget-heading\" data-id=\"19a90e3\" data-element_type=\"widget\" data-widget_type=\"heading.default\">\n\t\t\t\t<div class=\"elementor-widget-container\">\n\t\t\t\t\t<h2 class=\"elementor-heading-title elementor-size-default\">Comment savons-nous que nous pourrons diffuser cet \u00e9v\u00e9nement en streaming\u00a0?<\/h2>\t\t\t\t<\/div>\n\t\t\t\t<\/div>\n\t\t\t\t<div class=\"elementor-element elementor-element-8ee3ccc elementor-widget elementor-widget-heading\" data-id=\"8ee3ccc\" data-element_type=\"widget\" data-widget_type=\"heading.default\">\n\t\t\t\t<div class=\"elementor-widget-container\">\n\t\t\t\t\t<h2 class=\"elementor-heading-title elementor-size-default\">Que faire si je n&#039;ai re\u00e7u aucun e-mail ou lien\u00a0?<\/h2>\t\t\t\t<\/div>\n\t\t\t\t<\/div>\n\t\t\t\t<div class=\"elementor-element elementor-element-5551d29 elementor-widget elementor-widget-heading\" data-id=\"5551d29\" data-element_type=\"widget\" data-widget_type=\"heading.default\">\n\t\t\t\t<div class=\"elementor-widget-container\">\n\t\t\t\t\t<h2 class=\"elementor-heading-title elementor-size-default\">Chaque classe peut-elle participer \u00e0 un moment qui lui convient\u00a0?<\/h2>\t\t\t\t<\/div>\n\t\t\t\t<\/div>\n\t\t\t\t<div class=\"elementor-element elementor-element-1c211b9 elementor-widget elementor-widget-heading\" data-id=\"1c211b9\" data-element_type=\"widget\" data-widget_type=\"heading.default\">\n\t\t\t\t<div class=\"elementor-widget-container\">\n\t\t\t\t\t<h2 class=\"elementor-heading-title elementor-size-default\">Est-ce qu&#039;on obtient un enregistrement de l&#039;\u00e9v\u00e9nement par la suite\u00a0?<\/h2>\t\t\t\t<\/div>\n\t\t\t\t<\/div>\n\t\t\t\t<div class=\"elementor-element elementor-element-016f6d2 elementor-widget elementor-widget-heading\" data-id=\"016f6d2\" data-element_type=\"widget\" data-widget_type=\"heading.default\">\n\t\t\t\t<div class=\"elementor-widget-container\">\n\t\t\t\t\t<h2 class=\"elementor-heading-title elementor-size-default\">L&#039;\u00e9v\u00e9nement est-il gratuit ?<\/h2>\t\t\t\t<\/div>\n\t\t\t\t<\/div>\n\t\t\t\t\t<\/div>\n\t\t<\/div>\n\t\t\t\t\t<\/div>\n\t\t<\/section>\n\t\t\t\t<\/div>","protected":false},"excerpt":{"rendered":"Foire aux questions sur notre \u00e9v\u00e9nement de la Journ\u00e9e nationale de l&#039;enfant Foire aux questions sur notre \u00e9v\u00e9nement de la Journ\u00e9e nationale de l&#039;enfant Comment pouvons-nous nous connecter une fois le billet achet\u00e9 ? Recevons-nous un lien pour nous connecter ? Vous recevrez un lien pour rejoindre l&#039;\u00e9mission en direct, avec des instructions. Ces \u00e9v\u00e9nements conviennent-ils \u00e0 tous les \u00e9tudiants ? Ce [\u2026]","protected":false},"author":3,"featured_media":0,"parent":0,"menu_order":6,"comment_status":"closed","ping_status":"closed","template":"","meta":{"_acf_changed":false,"footnotes":""},"class_list":["post-13245","page","type-page","status-publish","hentry"],"acf":[],"yoast_head":"<!-- This site is optimized with the Yoast SEO plugin v26.6 - https:\/\/yoast.com\/wordpress\/plugins\/seo\/ -->\n<title>National Child Day Events Calendar National Child Day<\/title>\n<meta name=\"description\" content=\"Get the latest infotmation on events regarding National Child Day in Canada presented by Children First Canada taking place November 20th.\" \/>\n<meta name=\"robots\" content=\"index, follow, max-snippet:-1, max-image-preview:large, max-video-preview:-1\" \/>\n<link rel=\"canonical\" href=\"https:\/\/nationalchildday.org\/fr\/faqs\/\" \/>\n<meta property=\"og:locale\" content=\"fr_CA\" \/>\n<meta property=\"og:type\" content=\"article\" \/>\n<meta property=\"og:title\" content=\"National Child Day Events Calendar National Child Day\" \/>\n<meta property=\"og:description\" content=\"Get the latest infotmation on events regarding National Child Day in Canada presented by Children First Canada taking place November 20th.\" \/>\n<meta property=\"og:url\" content=\"https:\/\/nationalchildday.org\/fr\/faqs\/\" \/>\n<meta property=\"og:site_name\" content=\"National Child Day\" \/>\n<meta property=\"article:publisher\" content=\"https:\/\/www.facebook.com\/childrenfirstcanada\/\" \/>\n<meta property=\"article:modified_time\" content=\"2025-05-22T16:08:48+00:00\" \/>\n<meta name=\"twitter:card\" content=\"summary_large_image\" \/>\n<meta name=\"twitter:site\" content=\"@children1stca\" \/>\n<meta name=\"twitter:label1\" content=\"Estimation du temps de lecture\" \/>\n\t<meta name=\"twitter:data1\" content=\"2 minutes\" \/>\n<script type=\"application\/ld+json\" class=\"yoast-schema-graph\">{\"@context\":\"https:\/\/schema.org\",\"@graph\":[{\"@type\":\"WebPage\",\"@id\":\"https:\/\/nationalchildday.org\/faqs\/\",\"url\":\"https:\/\/nationalchildday.org\/faqs\/\",\"name\":\"National Child Day Events Calendar National Child Day\",\"isPartOf\":{\"@id\":\"https:\/\/nationalchildday.org\/#website\"},\"datePublished\":\"2023-10-03T21:35:55+00:00\",\"dateModified\":\"2025-05-22T16:08:48+00:00\",\"description\":\"Get the latest infotmation on events regarding National Child Day in Canada presented by Children First Canada taking place November 20th.\",\"breadcrumb\":{\"@id\":\"https:\/\/nationalchildday.org\/faqs\/#breadcrumb\"},\"inLanguage\":\"fr-CA\",\"potentialAction\":[{\"@type\":\"ReadAction\",\"target\":[\"https:\/\/nationalchildday.org\/faqs\/\"]}]},{\"@type\":\"BreadcrumbList\",\"@id\":\"https:\/\/nationalchildday.org\/faqs\/#breadcrumb\",\"itemListElement\":[{\"@type\":\"ListItem\",\"position\":1,\"name\":\"Home\",\"item\":\"https:\/\/nationalchildday.org\/\"},{\"@type\":\"ListItem\",\"position\":2,\"name\":\"FAQs\"}]},{\"@type\":\"WebSite\",\"@id\":\"https:\/\/nationalchildday.org\/#website\",\"url\":\"https:\/\/nationalchildday.org\/\",\"name\":\"National Child Day\",\"description\":\"EVERY child has something in common - their rights!\",\"publisher\":{\"@id\":\"https:\/\/nationalchildday.org\/#organization\"},\"potentialAction\":[{\"@type\":\"SearchAction\",\"target\":{\"@type\":\"EntryPoint\",\"urlTemplate\":\"https:\/\/nationalchildday.org\/?s={search_term_string}\"},\"query-input\":{\"@type\":\"PropertyValueSpecification\",\"valueRequired\":true,\"valueName\":\"search_term_string\"}}],\"inLanguage\":\"fr-CA\"},{\"@type\":\"Organization\",\"@id\":\"https:\/\/nationalchildday.org\/#organization\",\"name\":\"Children First Canada\",\"url\":\"https:\/\/nationalchildday.org\/\",\"logo\":{\"@type\":\"ImageObject\",\"inLanguage\":\"fr-CA\",\"@id\":\"https:\/\/nationalchildday.org\/#\/schema\/logo\/image\/\",\"url\":\"https:\/\/nationalchildday.org\/wp-content\/uploads\/2019\/09\/national-child-day-footer.png\",\"contentUrl\":\"https:\/\/nationalchildday.org\/wp-content\/uploads\/2019\/09\/national-child-day-footer.png\",\"width\":233,\"height\":221,\"caption\":\"Children First Canada\"},\"image\":{\"@id\":\"https:\/\/nationalchildday.org\/#\/schema\/logo\/image\/\"},\"sameAs\":[\"https:\/\/www.facebook.com\/childrenfirstcanada\/\",\"https:\/\/x.com\/children1stca\",\"https:\/\/www.instagram.com\/children1stca\/\"]}]}<\/script>\n<!-- \/ Yoast SEO plugin. -->","yoast_head_json":{"title":"Calendrier des \u00e9v\u00e9nements de la Journ\u00e9e nationale de l&#039;enfant Journ\u00e9e nationale de l&#039;enfant","description":"Recevez les derni\u00e8res informations sur les \u00e9v\u00e9nements concernant la Journ\u00e9e nationale de l&#039;enfant au Canada pr\u00e9sent\u00e9s par Children First Canada qui auront lieu le 20 novembre.","robots":{"index":"index","follow":"follow","max-snippet":"max-snippet:-1","max-image-preview":"max-image-preview:large","max-video-preview":"max-video-preview:-1"},"canonical":"https:\/\/nationalchildday.org\/fr\/faqs\/","og_locale":"fr_CA","og_type":"article","og_title":"National Child Day Events Calendar National Child Day","og_description":"Get the latest infotmation on events regarding National Child Day in Canada presented by Children First Canada taking place November 20th.","og_url":"https:\/\/nationalchildday.org\/fr\/faqs\/","og_site_name":"National Child Day","article_publisher":"https:\/\/www.facebook.com\/childrenfirstcanada\/","article_modified_time":"2025-05-22T16:08:48+00:00","twitter_card":"summary_large_image","twitter_site":"@children1stca","twitter_misc":{"Estimation du temps de lecture":"2 minutes"},"schema":{"@context":"https:\/\/schema.org","@graph":[{"@type":"WebPage","@id":"https:\/\/nationalchildday.org\/faqs\/","url":"https:\/\/nationalchildday.org\/faqs\/","name":"Calendrier des \u00e9v\u00e9nements de la Journ\u00e9e nationale de l&#039;enfant Journ\u00e9e nationale de l&#039;enfant","isPartOf":{"@id":"https:\/\/nationalchildday.org\/#website"},"datePublished":"2023-10-03T21:35:55+00:00","dateModified":"2025-05-22T16:08:48+00:00","description":"Recevez les derni\u00e8res informations sur les \u00e9v\u00e9nements concernant la Journ\u00e9e nationale de l&#039;enfant au Canada pr\u00e9sent\u00e9s par Children First Canada qui auront lieu le 20 novembre.","breadcrumb":{"@id":"https:\/\/nationalchildday.org\/faqs\/#breadcrumb"},"inLanguage":"fr-CA","potentialAction":[{"@type":"ReadAction","target":["https:\/\/nationalchildday.org\/faqs\/"]}]},{"@type":"BreadcrumbList","@id":"https:\/\/nationalchildday.org\/faqs\/#breadcrumb","itemListElement":[{"@type":"ListItem","position":1,"name":"Home","item":"https:\/\/nationalchildday.org\/"},{"@type":"ListItem","position":2,"name":"FAQs"}]},{"@type":"WebSite","@id":"https:\/\/nationalchildday.org\/#website","url":"https:\/\/nationalchildday.org\/","name":"Journ\u00e9e nationale de l&#039;enfant","description":"CHAQUE enfant a quelque chose en commun : ses droits !","publisher":{"@id":"https:\/\/nationalchildday.org\/#organization"},"potentialAction":[{"@type":"SearchAction","target":{"@type":"EntryPoint","urlTemplate":"https:\/\/nationalchildday.org\/?s={search_term_string}"},"query-input":{"@type":"PropertyValueSpecification","valueRequired":true,"valueName":"search_term_string"}}],"inLanguage":"fr-CA"},{"@type":"Organization","@id":"https:\/\/nationalchildday.org\/#organization","name":"Les enfants d&#039;abord Canada","url":"https:\/\/nationalchildday.org\/","logo":{"@type":"ImageObject","inLanguage":"fr-CA","@id":"https:\/\/nationalchildday.org\/#\/schema\/logo\/image\/","url":"https:\/\/nationalchildday.org\/wp-content\/uploads\/2019\/09\/national-child-day-footer.png","contentUrl":"https:\/\/nationalchildday.org\/wp-content\/uploads\/2019\/09\/national-child-day-footer.png","width":233,"height":221,"caption":"Children First Canada"},"image":{"@id":"https:\/\/nationalchildday.org\/#\/schema\/logo\/image\/"},"sameAs":["https:\/\/www.facebook.com\/childrenfirstcanada\/","https:\/\/x.com\/children1stca","https:\/\/www.instagram.com\/children1stca\/"]}]}},"_links":{"self":[{"href":"https:\/\/nationalchildday.org\/fr\/wp-json\/wp\/v2\/pages\/13245","targetHints":{"allow":["GET"]}}],"collection":[{"href":"https:\/\/nationalchildday.org\/fr\/wp-json\/wp\/v2\/pages"}],"about":[{"href":"https:\/\/nationalchildday.org\/fr\/wp-json\/wp\/v2\/types\/page"}],"author":[{"embeddable":true,"href":"https:\/\/nationalchildday.org\/fr\/wp-json\/wp\/v2\/users\/3"}],"replies":[{"embeddable":true,"href":"https:\/\/nationalchildday.org\/fr\/wp-json\/wp\/v2\/comments?post=13245"}],"version-history":[{"count":0,"href":"https:\/\/nationalchildday.org\/fr\/wp-json\/wp\/v2\/pages\/13245\/revisions"}],"wp:attachment":[{"href":"https:\/\/nationalchildday.org\/fr\/wp-json\/wp\/v2\/media?parent=13245"}],"curies":[{"name":"wp","href":"https:\/\/api.w.org\/{rel}","templated":true}]}}