{"id":403,"date":"2019-10-18T22:45:09","date_gmt":"2019-10-18T22:45:09","guid":{"rendered":"https:\/\/ncdprod.wpengine.com\/?post_type=product&#038;p=403"},"modified":"2023-03-31T17:13:54","modified_gmt":"2023-03-31T17:13:54","slug":"national-child-day-t-shirt","status":"publish","type":"product","link":"https:\/\/nationalchildday.org\/fr\/product\/national-child-day-t-shirt\/","title":{"rendered":"T-shirt Journ\u00e9e nationale de l&#039;enfant"},"content":{"rendered":"<h2>Montrez votre soutien aux enfants!<\/h2>\n<p>Lorsque vous achetez notre t-shirt de la Journ\u00e9e nationale de l&#039;enfant, 100% des profits sont revers\u00e9s aux programmes de Children First Canada pour d\u00e9fendre les enfants. Chaque enfant a le droit de r\u00e9aliser son plein potentiel !<\/p>\n<p>Postes Canada sera ferm\u00e9e le 11 novembre, les commandes de t-shirts arriveront 5 \u00e0 6 jours apr\u00e8s l&#039;achat selon votre emplacement.<\/p>\n<p data-pm-slice=\"1 1 [&quot;list&quot;,{},&quot;list_item&quot;,{&quot;indent&quot;:1,&quot;type&quot;:&quot;bulleted&quot;}]\">Les t-shirts commenceront \u00e0 \u00eatre exp\u00e9di\u00e9s en septembre.<\/p>","protected":false},"excerpt":{"rendered":"Montrez votre soutien aux enfants\u00a0! Lorsque vous achetez notre t-shirt de la Journ\u00e9e nationale de l&#039;enfant, 1 001 TP3 T des b\u00e9n\u00e9fices sont revers\u00e9s aux programmes de Children First Canada visant \u00e0 d\u00e9fendre la cause des enfants. Chaque enfant a le droit de r\u00e9aliser son plein potentiel ! Postes Canada sera ferm\u00e9 le 11 novembre, les commandes de t-shirts arriveront 5 \u00e0 6 jours apr\u00e8s l&#039;achat [\u2026]","protected":false},"featured_media":12660,"comment_status":"open","ping_status":"closed","template":"","meta":{"_acf_changed":false},"product_brand":[],"product_cat":[18],"product_tag":[],"class_list":{"0":"post-403","1":"product","2":"type-product","3":"status-publish","4":"has-post-thumbnail","6":"product_cat-uncategorized","8":"first","9":"outofstock","10":"taxable","11":"shipping-taxable","12":"purchasable","13":"product-type-variable"},"acf":[],"yoast_head":"<!-- This site is optimized with the Yoast SEO plugin v26.6 - https:\/\/yoast.com\/wordpress\/plugins\/seo\/ -->\n<title>Wear your support on your sleeve<\/title>\n<meta name=\"description\" content=\"Buy a child rights t-shirt and all profits will go towards Children First Canada\u2019s programs toadvocate for every Canadian child.\" \/>\n<meta name=\"robots\" content=\"index, follow, max-snippet:-1, max-image-preview:large, max-video-preview:-1\" \/>\n<link rel=\"canonical\" href=\"https:\/\/nationalchildday.org\/fr\/product\/national-child-day-t-shirt\/\" \/>\n<meta property=\"og:locale\" content=\"fr_CA\" \/>\n<meta property=\"og:type\" content=\"article\" \/>\n<meta property=\"og:title\" content=\"Wear your support on your sleeve\" \/>\n<meta property=\"og:description\" content=\"Buy a child rights t-shirt and all profits will go towards Children First Canada\u2019s programs toadvocate for every Canadian child.\" \/>\n<meta property=\"og:url\" content=\"https:\/\/nationalchildday.org\/fr\/product\/national-child-day-t-shirt\/\" \/>\n<meta property=\"og:site_name\" content=\"National Child Day\" \/>\n<meta property=\"article:publisher\" content=\"https:\/\/www.facebook.com\/childrenfirstcanada\/\" \/>\n<meta property=\"article:modified_time\" content=\"2023-03-31T17:13:54+00:00\" \/>\n<meta property=\"og:image\" content=\"https:\/\/nationalchildday.org\/wp-content\/uploads\/2019\/10\/T-Shirt-8MillionRising.png\" \/>\n\t<meta property=\"og:image:width\" content=\"768\" \/>\n\t<meta property=\"og:image:height\" content=\"875\" \/>\n\t<meta property=\"og:image:type\" content=\"image\/png\" \/>\n<meta name=\"twitter:card\" content=\"summary_large_image\" \/>\n<meta name=\"twitter:site\" content=\"@children1stca\" \/>\n<meta name=\"twitter:label1\" content=\"Estimation du temps de lecture\" \/>\n\t<meta name=\"twitter:data1\" content=\"1 minute\" \/>\n<script type=\"application\/ld+json\" class=\"yoast-schema-graph\">{\"@context\":\"https:\/\/schema.org\",\"@graph\":[{\"@type\":\"WebPage\",\"@id\":\"https:\/\/nationalchildday.org\/product\/national-child-day-t-shirt\/\",\"url\":\"https:\/\/nationalchildday.org\/product\/national-child-day-t-shirt\/\",\"name\":\"Wear your support on your sleeve\",\"isPartOf\":{\"@id\":\"https:\/\/nationalchildday.org\/#website\"},\"primaryImageOfPage\":{\"@id\":\"https:\/\/nationalchildday.org\/product\/national-child-day-t-shirt\/#primaryimage\"},\"image\":{\"@id\":\"https:\/\/nationalchildday.org\/product\/national-child-day-t-shirt\/#primaryimage\"},\"thumbnailUrl\":\"https:\/\/nationalchildday.org\/wp-content\/uploads\/2019\/10\/T-Shirt-8MillionRising.png\",\"datePublished\":\"2019-10-18T22:45:09+00:00\",\"dateModified\":\"2023-03-31T17:13:54+00:00\",\"description\":\"Buy a child rights t-shirt and all profits will go towards Children First Canada\u2019s programs toadvocate for every Canadian child.\",\"breadcrumb\":{\"@id\":\"https:\/\/nationalchildday.org\/product\/national-child-day-t-shirt\/#breadcrumb\"},\"inLanguage\":\"fr-CA\",\"potentialAction\":[{\"@type\":\"ReadAction\",\"target\":[\"https:\/\/nationalchildday.org\/product\/national-child-day-t-shirt\/\"]}]},{\"@type\":\"ImageObject\",\"inLanguage\":\"fr-CA\",\"@id\":\"https:\/\/nationalchildday.org\/product\/national-child-day-t-shirt\/#primaryimage\",\"url\":\"https:\/\/nationalchildday.org\/wp-content\/uploads\/2019\/10\/T-Shirt-8MillionRising.png\",\"contentUrl\":\"https:\/\/nationalchildday.org\/wp-content\/uploads\/2019\/10\/T-Shirt-8MillionRising.png\",\"width\":768,\"height\":875},{\"@type\":\"BreadcrumbList\",\"@id\":\"https:\/\/nationalchildday.org\/product\/national-child-day-t-shirt\/#breadcrumb\",\"itemListElement\":[{\"@type\":\"ListItem\",\"position\":1,\"name\":\"Home\",\"item\":\"https:\/\/nationalchildday.org\/\"},{\"@type\":\"ListItem\",\"position\":2,\"name\":\"Shop\",\"item\":\"https:\/\/nationalchildday.org\/shop\/\"},{\"@type\":\"ListItem\",\"position\":3,\"name\":\"National Child Day T-Shirt\"}]},{\"@type\":\"WebSite\",\"@id\":\"https:\/\/nationalchildday.org\/#website\",\"url\":\"https:\/\/nationalchildday.org\/\",\"name\":\"National Child Day\",\"description\":\"EVERY child has something in common - their rights!\",\"publisher\":{\"@id\":\"https:\/\/nationalchildday.org\/#organization\"},\"potentialAction\":[{\"@type\":\"SearchAction\",\"target\":{\"@type\":\"EntryPoint\",\"urlTemplate\":\"https:\/\/nationalchildday.org\/?s={search_term_string}\"},\"query-input\":{\"@type\":\"PropertyValueSpecification\",\"valueRequired\":true,\"valueName\":\"search_term_string\"}}],\"inLanguage\":\"fr-CA\"},{\"@type\":\"Organization\",\"@id\":\"https:\/\/nationalchildday.org\/#organization\",\"name\":\"Children First Canada\",\"url\":\"https:\/\/nationalchildday.org\/\",\"logo\":{\"@type\":\"ImageObject\",\"inLanguage\":\"fr-CA\",\"@id\":\"https:\/\/nationalchildday.org\/#\/schema\/logo\/image\/\",\"url\":\"https:\/\/nationalchildday.org\/wp-content\/uploads\/2019\/09\/national-child-day-footer.png\",\"contentUrl\":\"https:\/\/nationalchildday.org\/wp-content\/uploads\/2019\/09\/national-child-day-footer.png\",\"width\":233,\"height\":221,\"caption\":\"Children First Canada\"},\"image\":{\"@id\":\"https:\/\/nationalchildday.org\/#\/schema\/logo\/image\/\"},\"sameAs\":[\"https:\/\/www.facebook.com\/childrenfirstcanada\/\",\"https:\/\/x.com\/children1stca\",\"https:\/\/www.instagram.com\/children1stca\/\"]}]}<\/script>\n<!-- \/ Yoast SEO plugin. -->","yoast_head_json":{"title":"Portez votre soutien sur votre manche","description":"Achetez un t-shirt des droits de l&#039;enfant et tous les profits iront aux programmes de Children First Canada pour d\u00e9fendre chaque enfant canadien.","robots":{"index":"index","follow":"follow","max-snippet":"max-snippet:-1","max-image-preview":"max-image-preview:large","max-video-preview":"max-video-preview:-1"},"canonical":"https:\/\/nationalchildday.org\/fr\/product\/national-child-day-t-shirt\/","og_locale":"fr_CA","og_type":"article","og_title":"Wear your support on your sleeve","og_description":"Buy a child rights t-shirt and all profits will go towards Children First Canada\u2019s programs toadvocate for every Canadian child.","og_url":"https:\/\/nationalchildday.org\/fr\/product\/national-child-day-t-shirt\/","og_site_name":"National Child Day","article_publisher":"https:\/\/www.facebook.com\/childrenfirstcanada\/","article_modified_time":"2023-03-31T17:13:54+00:00","og_image":[{"width":768,"height":875,"url":"https:\/\/nationalchildday.org\/wp-content\/uploads\/2019\/10\/T-Shirt-8MillionRising.png","type":"image\/png"}],"twitter_card":"summary_large_image","twitter_site":"@children1stca","twitter_misc":{"Estimation du temps de lecture":"1 minute"},"schema":{"@context":"https:\/\/schema.org","@graph":[{"@type":"WebPage","@id":"https:\/\/nationalchildday.org\/product\/national-child-day-t-shirt\/","url":"https:\/\/nationalchildday.org\/product\/national-child-day-t-shirt\/","name":"Portez votre soutien sur votre manche","isPartOf":{"@id":"https:\/\/nationalchildday.org\/#website"},"primaryImageOfPage":{"@id":"https:\/\/nationalchildday.org\/product\/national-child-day-t-shirt\/#primaryimage"},"image":{"@id":"https:\/\/nationalchildday.org\/product\/national-child-day-t-shirt\/#primaryimage"},"thumbnailUrl":"https:\/\/nationalchildday.org\/wp-content\/uploads\/2019\/10\/T-Shirt-8MillionRising.png","datePublished":"2019-10-18T22:45:09+00:00","dateModified":"2023-03-31T17:13:54+00:00","description":"Achetez un t-shirt des droits de l&#039;enfant et tous les profits iront aux programmes de Children First Canada pour d\u00e9fendre chaque enfant canadien.","breadcrumb":{"@id":"https:\/\/nationalchildday.org\/product\/national-child-day-t-shirt\/#breadcrumb"},"inLanguage":"fr-CA","potentialAction":[{"@type":"ReadAction","target":["https:\/\/nationalchildday.org\/product\/national-child-day-t-shirt\/"]}]},{"@type":"ImageObject","inLanguage":"fr-CA","@id":"https:\/\/nationalchildday.org\/product\/national-child-day-t-shirt\/#primaryimage","url":"https:\/\/nationalchildday.org\/wp-content\/uploads\/2019\/10\/T-Shirt-8MillionRising.png","contentUrl":"https:\/\/nationalchildday.org\/wp-content\/uploads\/2019\/10\/T-Shirt-8MillionRising.png","width":768,"height":875},{"@type":"BreadcrumbList","@id":"https:\/\/nationalchildday.org\/product\/national-child-day-t-shirt\/#breadcrumb","itemListElement":[{"@type":"ListItem","position":1,"name":"Home","item":"https:\/\/nationalchildday.org\/"},{"@type":"ListItem","position":2,"name":"Shop","item":"https:\/\/nationalchildday.org\/shop\/"},{"@type":"ListItem","position":3,"name":"National Child Day T-Shirt"}]},{"@type":"WebSite","@id":"https:\/\/nationalchildday.org\/#website","url":"https:\/\/nationalchildday.org\/","name":"Journ\u00e9e nationale de l&#039;enfant","description":"CHAQUE enfant a quelque chose en commun : ses droits !","publisher":{"@id":"https:\/\/nationalchildday.org\/#organization"},"potentialAction":[{"@type":"SearchAction","target":{"@type":"EntryPoint","urlTemplate":"https:\/\/nationalchildday.org\/?s={search_term_string}"},"query-input":{"@type":"PropertyValueSpecification","valueRequired":true,"valueName":"search_term_string"}}],"inLanguage":"fr-CA"},{"@type":"Organization","@id":"https:\/\/nationalchildday.org\/#organization","name":"Les enfants d&#039;abord Canada","url":"https:\/\/nationalchildday.org\/","logo":{"@type":"ImageObject","inLanguage":"fr-CA","@id":"https:\/\/nationalchildday.org\/#\/schema\/logo\/image\/","url":"https:\/\/nationalchildday.org\/wp-content\/uploads\/2019\/09\/national-child-day-footer.png","contentUrl":"https:\/\/nationalchildday.org\/wp-content\/uploads\/2019\/09\/national-child-day-footer.png","width":233,"height":221,"caption":"Children First Canada"},"image":{"@id":"https:\/\/nationalchildday.org\/#\/schema\/logo\/image\/"},"sameAs":["https:\/\/www.facebook.com\/childrenfirstcanada\/","https:\/\/x.com\/children1stca","https:\/\/www.instagram.com\/children1stca\/"]}]}},"_links":{"self":[{"href":"https:\/\/nationalchildday.org\/fr\/wp-json\/wp\/v2\/product\/403","targetHints":{"allow":["GET"]}}],"collection":[{"href":"https:\/\/nationalchildday.org\/fr\/wp-json\/wp\/v2\/product"}],"about":[{"href":"https:\/\/nationalchildday.org\/fr\/wp-json\/wp\/v2\/types\/product"}],"replies":[{"embeddable":true,"href":"https:\/\/nationalchildday.org\/fr\/wp-json\/wp\/v2\/comments?post=403"}],"wp:featuredmedia":[{"embeddable":true,"href":"https:\/\/nationalchildday.org\/fr\/wp-json\/wp\/v2\/media\/12660"}],"wp:attachment":[{"href":"https:\/\/nationalchildday.org\/fr\/wp-json\/wp\/v2\/media?parent=403"}],"wp:term":[{"taxonomy":"product_brand","embeddable":true,"href":"https:\/\/nationalchildday.org\/fr\/wp-json\/wp\/v2\/product_brand?post=403"},{"taxonomy":"product_cat","embeddable":true,"href":"https:\/\/nationalchildday.org\/fr\/wp-json\/wp\/v2\/product_cat?post=403"},{"taxonomy":"product_tag","embeddable":true,"href":"https:\/\/nationalchildday.org\/fr\/wp-json\/wp\/v2\/product_tag?post=403"}],"curies":[{"name":"wp","href":"https:\/\/api.w.org\/{rel}","templated":true}]}}